{"id":12,"date":"2019-06-25T13:21:07","date_gmt":"2019-06-25T10:21:07","guid":{"rendered":"https:\/\/industrialheat.pl\/?page_id=12"},"modified":"2025-05-28T20:50:31","modified_gmt":"2025-05-28T17:50:31","slug":"about","status":"publish","type":"page","link":"https:\/\/industrialheat.pl\/de\/about\/","title":{"rendered":"\u00dcBER UNS"},"content":{"rendered":"<p><\/p>\n<p><span style=\"font-family: georgia, palatino, serif;\"><strong>Industrial Heating Solution<\/strong> ist ein Unternehmen, das sich mit dem Verkauf, Garantie- und Nachgarantieservice der Ausr\u00fcstung der f\u00fchrenden ukrainischen Hersteller von Industriekesseln \u2013 <strong>Kriger<\/strong> und <strong>KotloTurboProm<\/strong> \u2013 besch\u00e4ftigt.<\/span><\/p>\n<p><span style=\"font-family: georgia, palatino, serif;\">Das Unternehmen Kriger konzentriert sich auf die Produktion von Biomassekesseln mit einer Leistung von 0,3 bis 12,5 MW. Es verf\u00fcgt \u00fcber eine Produktionstechnologie f\u00fcr RDF- und KWK-Kessel.<\/span><\/p>\n<p><span style=\"font-family: georgia, palatino, serif;\"><strong>Heute ist Kriger:<\/strong><\/span><\/p>\n<p><span style=\"font-family: georgia, palatino, serif;\">&#8211; mehr als 20 Jahre Erfahrung und Forschung im Bereich Heiz<\/span><\/p>\n<p><span style=\"font-family: georgia, palatino, serif;\">&#8211; und Energiespartechnologien; <\/span><\/p>\n<p><span style=\"font-family: georgia, palatino, serif;\">&#8211; eigenes Konstruktionsb\u00fcro, das Dienstleistungen im Bereich der Planung und Entwicklung von Planungskostensch\u00e4tzungen f\u00fcr den Bau und die Rekonstruktion von Heizanlagen erbringt; <\/span><\/p>\n<p><span style=\"font-family: georgia, palatino, serif;\">&#8211; eigenes Konstruktionsb\u00fcro, das etwa 100 Arten von Heizger\u00e4ten entwickelt hat; <\/span><\/p>\n<p><span style=\"font-family: georgia, palatino, serif;\">&#8211; akkreditiertes Qualit\u00e4tskontrolllabor f\u00fcr Heizger\u00e4te; <\/span><\/p>\n<p><span style=\"font-family: georgia, palatino, serif;\">&#8211; Herstellung und Verkauf von umfassender Heizraumausr\u00fcstung:<\/span><\/p>\n<p style=\"padding-left: 40px;\"><span style=\"font-family: georgia, palatino, serif;\"><strong>\u2022 Festbrennstoff-Wasserkessel mit einer Leistung von bis zu 12,5 MW;<\/strong> <\/span><\/p>\n<p style=\"padding-left: 40px;\"><span style=\"font-family: georgia, palatino, serif;\"><strong>\u2022 mit \u00fcberhitztem Wasser betriebene Festbrennstoffkessel mit einer Leistung von bis zu 12,5 MW;<\/strong> <\/span><\/p>\n<p style=\"padding-left: 40px;\"><span style=\"font-family: georgia, palatino, serif;\"><strong>\u2022 Dampfkessel f\u00fcr feste Brennstoffe mit einer Kapazit\u00e4t von bis zu 24 Tonnen Dampf \/ S;<\/strong> <\/span><\/p>\n<p style=\"padding-left: 40px;\"><span style=\"font-family: georgia, palatino, serif;\"><strong>\u2022 Festbrennstoffkessel, die mit einem organischen Hochtemperatur-W\u00e4rmetr\u00e4ger (OHC) mit einer Leistung von bis zu 12,5 MW betrieben werden;<\/strong> <strong>\u2022 umfangreiche Festbrennstoff\u00f6fen mit einer Leistung von bis zu 12,5 MW;<\/strong> <\/span><\/p>\n<p style=\"padding-left: 40px;\"><span style=\"font-family: georgia, palatino, serif;\"><strong>\u2022 Economizer;<\/strong> <strong>\u2022 mechanisierte Brennstofflagerung und -versorgung;<\/strong> <\/span><\/p>\n<p style=\"padding-left: 40px;\"><span style=\"font-family: georgia, palatino, serif;\"><strong>\u2022 Systeme zur automatischen Reinigung der Innenfl\u00e4chen von Kesseln und zur Aschehandhabung;<\/strong> <\/span><\/p>\n<p style=\"padding-left: 40px;\"><span style=\"font-family: georgia, palatino, serif;\"><strong>\u2022 Abgasbehandlungssysteme;<\/strong><\/span><\/p>\n<p><span style=\"font-family: georgia, palatino, serif;\">&#8211; Bau-, Installations- und Inbetriebnahmearbeiten sowie Garantie- und Servicewartung des von Kriger hergestellten Kessels und der technologischen Einrichtungen gem\u00e4\u00df den Anforderungen der europ\u00e4ischen und nationalen Normen; <\/span><\/p>\n<p><span style=\"font-family: georgia, palatino, serif;\">&#8211; Produktion und Verkauf von Biokraftstoffen aus heimischen Kraftstoffen nach technischen Bedingungen; Lieferlogistik; <\/span><\/p>\n<p><span style=\"font-family: georgia, palatino, serif;\">&#8211; Produktion und Verkauf von W\u00e4rme-, Dampf- und Warmwasserversorgungen f\u00fcr Kriger-Festbrennstoffkessel unter Verwendung erneuerbarer Energiequellen.<\/span><\/p>\n<p><span style=\"font-family: georgia, palatino, serif;\">Die Produktionskapazit\u00e4t des Unternehmens verf\u00fcgt \u00fcber die Ausr\u00fcstung der weltbesten Hersteller (VANAD aus der Tschechischen Republik, FRONIUS aus \u00d6sterreich, HYPERTHERM aus den USA, DAVI aus Italien, HACO aus Belgien). Der Einsatz moderner Technologien (Technologie des Orbitalschwei\u00dfens von Rohrplatten, Pulverbeschichtung von Metallen, pr\u00e4zises Gie\u00dfen von Fertigmodellen, Verwendung von Feuerbeton), kontinuierliche Verbesserung unserer Produkte, Erweiterung der Modellreihe mit moderner 3D-Software, intellektuell Das Kapital der hochqualifizierten Spezialisten unserer Unternehmen sichert die hohe Qualit\u00e4t und Zuverl\u00e4ssigkeit der hergestellten Produkte.<\/span><\/p>\n<p><span style=\"font-family: georgia, palatino, serif;\">Alle Kriger-Produkte verf\u00fcgen \u00fcber Konformit\u00e4tszertifikate der EU, der Ukraine, der Republik Belarus und der Russischen F\u00f6deration, und das Unternehmen verf\u00fcgt \u00fcber alle erforderlichen Genehmigungen zum Bau eines schl\u00fcsselfertigen Kesselhauses. Kriger implementiert ein Qualit\u00e4tsmanagementsystem gem\u00e4\u00df den Anforderungen der internationalen Norm ISO 9001:2015. Die Zertifizierung erfolgte nach der anerkannten T\u00dcV NORD CERT-Methodik.<\/span><\/p>\n<p><\/p>","protected":false},"excerpt":{"rendered":"<p>Industrial Heating Solution ist ein Unternehmen, das sich mit dem Verkauf, Garantie- und Nachgarantieservice der Ausr\u00fcstung der f\u00fchrenden ukrainischen Hersteller von Industriekesseln \u2013 Kriger und KotloTurboProm \u2013 besch\u00e4ftigt. Das Unternehmen Kriger konzentriert sich auf die Produktion von Biomassekesseln mit einer Leistung von 0,3 bis 12,5 MW. Es verf\u00fcgt \u00fcber eine Produktionstechnologie f\u00fcr RDF- und KWK-Kessel. [&hellip;]<\/p>\n","protected":false},"author":1,"featured_media":281,"parent":0,"menu_order":0,"comment_status":"closed","ping_status":"closed","template":"about.php","meta":{"footnotes":""},"class_list":["post-12","page","type-page","status-publish","has-post-thumbnail","hentry"],"yoast_head":"<!-- This site is optimized with the Yoast SEO plugin v23.6 - https:\/\/yoast.com\/wordpress\/plugins\/seo\/ -->\n<title>\u00dcBER UNS - Industrial Heating Solution<\/title>\n<meta name=\"robots\" content=\"index, follow, max-snippet:-1, max-image-preview:large, max-video-preview:-1\" \/>\n<link rel=\"canonical\" href=\"https:\/\/industrialheat.pl\/about\/\" \/>\n<meta property=\"og:locale\" content=\"de_DE\" \/>\n<meta property=\"og:type\" content=\"article\" \/>\n<meta property=\"og:title\" content=\"[:en]About the company[:de]\u00dcBER UNS[:pl]O NAS[:ru]\u041e \u043a\u043e\u043c\u043f\u0430\u043d\u0438\u0438[:ua]\u041f\u0440\u043e \u043a\u043e\u043c\u043f\u0430\u043d\u0456\u044e[:uk]\u041f\u0440\u043e \u043a\u043e\u043c\u043f\u0430\u043d\u0456\u044e[:] - Industrial Heating Solution\" \/>\n<meta property=\"og:description\" content=\"Industrial Heating Solution ist ein Unternehmen, das sich mit dem Verkauf, Garantie- und Nachgarantieservice der Ausr\u00fcstung der f\u00fchrenden ukrainischen Hersteller von Industriekesseln \u2013 Kriger und KotloTurboProm \u2013 besch\u00e4ftigt. Das Unternehmen Kriger konzentriert sich auf die Produktion von Biomassekesseln mit einer Leistung von 0,3 bis 12,5 MW. Es verf\u00fcgt \u00fcber eine Produktionstechnologie f\u00fcr RDF- und KWK-Kessel. [&hellip;]\" \/>\n<meta property=\"og:url\" content=\"https:\/\/industrialheat.pl\/about\/\" \/>\n<meta property=\"og:site_name\" content=\"Industrial Heating Solution\" \/>\n<meta property=\"article:modified_time\" content=\"2025-05-28T17:50:31+00:00\" \/>\n<meta property=\"og:image\" content=\"https:\/\/industrialheat.pl\/wp-content\/uploads\/2019\/11\/about.jpg\" \/>\n\t<meta property=\"og:image:width\" content=\"2000\" \/>\n\t<meta property=\"og:image:height\" content=\"1021\" \/>\n\t<meta property=\"og:image:type\" content=\"image\/jpeg\" \/>\n<meta name=\"twitter:card\" content=\"summary_large_image\" \/>\n<meta name=\"twitter:label1\" content=\"Gesch\u00e4tzte Lesezeit\" \/>\n\t<meta name=\"twitter:data1\" content=\"3\u00a0Minuten\" \/>\n<script type=\"application\/ld+json\" class=\"yoast-schema-graph\">{\"@context\":\"https:\/\/schema.org\",\"@graph\":[{\"@type\":\"WebPage\",\"@id\":\"https:\/\/industrialheat.pl\/about\/\",\"url\":\"https:\/\/industrialheat.pl\/about\/\",\"name\":\"[:en]About the company[:de]\u00dcBER UNS[:pl]O NAS[:ru]\u041e \u043a\u043e\u043c\u043f\u0430\u043d\u0438\u0438[:ua]\u041f\u0440\u043e \u043a\u043e\u043c\u043f\u0430\u043d\u0456\u044e[:uk]\u041f\u0440\u043e \u043a\u043e\u043c\u043f\u0430\u043d\u0456\u044e[:] - Industrial Heating Solution\",\"isPartOf\":{\"@id\":\"https:\/\/industrialheat\/#website\"},\"primaryImageOfPage\":{\"@id\":\"https:\/\/industrialheat.pl\/about\/#primaryimage\"},\"image\":{\"@id\":\"https:\/\/industrialheat.pl\/about\/#primaryimage\"},\"thumbnailUrl\":\"https:\/\/industrialheat.pl\/wp-content\/uploads\/2019\/11\/about.jpg\",\"datePublished\":\"2019-06-25T10:21:07+00:00\",\"dateModified\":\"2025-05-28T17:50:31+00:00\",\"breadcrumb\":{\"@id\":\"https:\/\/industrialheat.pl\/about\/#breadcrumb\"},\"inLanguage\":\"de\",\"potentialAction\":[{\"@type\":\"ReadAction\",\"target\":[\"https:\/\/industrialheat.pl\/about\/\"]}]},{\"@type\":\"ImageObject\",\"inLanguage\":\"de\",\"@id\":\"https:\/\/industrialheat.pl\/about\/#primaryimage\",\"url\":\"https:\/\/industrialheat.pl\/wp-content\/uploads\/2019\/11\/about.jpg\",\"contentUrl\":\"https:\/\/industrialheat.pl\/wp-content\/uploads\/2019\/11\/about.jpg\",\"width\":2000,\"height\":1021},{\"@type\":\"BreadcrumbList\",\"@id\":\"https:\/\/industrialheat.pl\/about\/#breadcrumb\",\"itemListElement\":[{\"@type\":\"ListItem\",\"position\":1,\"name\":\"\u0413\u043e\u043b\u043e\u0432\u043d\u0430 \u0421\u0442\u043e\u0440\u0456\u043d\u043a\u0430\",\"item\":\"https:\/\/industrialheat\/\"},{\"@type\":\"ListItem\",\"position\":2,\"name\":\"O NAS\"}]},{\"@type\":\"WebSite\",\"@id\":\"https:\/\/industrialheat\/#website\",\"url\":\"https:\/\/industrialheat\/\",\"name\":\"Industrial Heating Solution\",\"description\":\"Erneuerbare Energien f\u00fcr unsere Zukunft\",\"publisher\":{\"@id\":\"https:\/\/industrialheat\/#organization\"},\"potentialAction\":[{\"@type\":\"SearchAction\",\"target\":{\"@type\":\"EntryPoint\",\"urlTemplate\":\"https:\/\/industrialheat\/?s={search_term_string}\"},\"query-input\":{\"@type\":\"PropertyValueSpecification\",\"valueRequired\":true,\"valueName\":\"search_term_string\"}}],\"inLanguage\":\"de\"},{\"@type\":\"Organization\",\"@id\":\"https:\/\/industrialheat\/#organization\",\"name\":\"Industrial Heating Solution\",\"url\":\"https:\/\/industrialheat\/\",\"logo\":{\"@type\":\"ImageObject\",\"inLanguage\":\"de\",\"@id\":\"https:\/\/industrialheat\/#\/schema\/logo\/image\/\",\"url\":\"https:\/\/industrialheat.pl\/wp-content\/uploads\/2022\/03\/logo_new.svg\",\"contentUrl\":\"https:\/\/industrialheat.pl\/wp-content\/uploads\/2022\/03\/logo_new.svg\",\"width\":100,\"height\":100,\"caption\":\"Industrial Heating Solution\"},\"image\":{\"@id\":\"https:\/\/industrialheat\/#\/schema\/logo\/image\/\"}}]}<\/script>\n<!-- \/ Yoast SEO plugin. -->","yoast_head_json":{"title":"[:en]About the company[:de]\u00dcBER UNS[:pl]O NAS[:ru]\u041e \u043a\u043e\u043c\u043f\u0430\u043d\u0438\u0438[:ua]\u041f\u0440\u043e \u043a\u043e\u043c\u043f\u0430\u043d\u0456\u044e[:uk]\u041f\u0440\u043e \u043a\u043e\u043c\u043f\u0430\u043d\u0456\u044e[:] - Industrial Heating Solution","robots":{"index":"index","follow":"follow","max-snippet":"max-snippet:-1","max-image-preview":"max-image-preview:large","max-video-preview":"max-video-preview:-1"},"canonical":"https:\/\/industrialheat.pl\/about\/","og_locale":"de_DE","og_type":"article","og_title":"[:en]About the company[:de]\u00dcBER UNS[:pl]O NAS[:ru]\u041e \u043a\u043e\u043c\u043f\u0430\u043d\u0438\u0438[:ua]\u041f\u0440\u043e \u043a\u043e\u043c\u043f\u0430\u043d\u0456\u044e[:uk]\u041f\u0440\u043e \u043a\u043e\u043c\u043f\u0430\u043d\u0456\u044e[:] - Industrial Heating Solution","og_description":"Industrial Heating Solution ist ein Unternehmen, das sich mit dem Verkauf, Garantie- und Nachgarantieservice der Ausr\u00fcstung der f\u00fchrenden ukrainischen Hersteller von Industriekesseln \u2013 Kriger und KotloTurboProm \u2013 besch\u00e4ftigt. Das Unternehmen Kriger konzentriert sich auf die Produktion von Biomassekesseln mit einer Leistung von 0,3 bis 12,5 MW. Es verf\u00fcgt \u00fcber eine Produktionstechnologie f\u00fcr RDF- und KWK-Kessel. [&hellip;]","og_url":"https:\/\/industrialheat.pl\/about\/","og_site_name":"Industrial Heating Solution","article_modified_time":"2025-05-28T17:50:31+00:00","og_image":[{"width":2000,"height":1021,"url":"https:\/\/industrialheat.pl\/wp-content\/uploads\/2019\/11\/about.jpg","type":"image\/jpeg"}],"twitter_card":"summary_large_image","twitter_misc":{"Gesch\u00e4tzte Lesezeit":"3\u00a0Minuten"},"schema":{"@context":"https:\/\/schema.org","@graph":[{"@type":"WebPage","@id":"https:\/\/industrialheat.pl\/about\/","url":"https:\/\/industrialheat.pl\/about\/","name":"[:en]About the company[:de]\u00dcBER UNS[:pl]O NAS[:ru]\u041e \u043a\u043e\u043c\u043f\u0430\u043d\u0438\u0438[:ua]\u041f\u0440\u043e \u043a\u043e\u043c\u043f\u0430\u043d\u0456\u044e[:uk]\u041f\u0440\u043e \u043a\u043e\u043c\u043f\u0430\u043d\u0456\u044e[:] - Industrial Heating Solution","isPartOf":{"@id":"https:\/\/industrialheat\/#website"},"primaryImageOfPage":{"@id":"https:\/\/industrialheat.pl\/about\/#primaryimage"},"image":{"@id":"https:\/\/industrialheat.pl\/about\/#primaryimage"},"thumbnailUrl":"https:\/\/industrialheat.pl\/wp-content\/uploads\/2019\/11\/about.jpg","datePublished":"2019-06-25T10:21:07+00:00","dateModified":"2025-05-28T17:50:31+00:00","breadcrumb":{"@id":"https:\/\/industrialheat.pl\/about\/#breadcrumb"},"inLanguage":"de","potentialAction":[{"@type":"ReadAction","target":["https:\/\/industrialheat.pl\/about\/"]}]},{"@type":"ImageObject","inLanguage":"de","@id":"https:\/\/industrialheat.pl\/about\/#primaryimage","url":"https:\/\/industrialheat.pl\/wp-content\/uploads\/2019\/11\/about.jpg","contentUrl":"https:\/\/industrialheat.pl\/wp-content\/uploads\/2019\/11\/about.jpg","width":2000,"height":1021},{"@type":"BreadcrumbList","@id":"https:\/\/industrialheat.pl\/about\/#breadcrumb","itemListElement":[{"@type":"ListItem","position":1,"name":"\u0413\u043e\u043b\u043e\u0432\u043d\u0430 \u0421\u0442\u043e\u0440\u0456\u043d\u043a\u0430","item":"https:\/\/industrialheat\/"},{"@type":"ListItem","position":2,"name":"O NAS"}]},{"@type":"WebSite","@id":"https:\/\/industrialheat\/#website","url":"https:\/\/industrialheat\/","name":"Industrial Heating Solution","description":"Erneuerbare Energien f\u00fcr unsere Zukunft","publisher":{"@id":"https:\/\/industrialheat\/#organization"},"potentialAction":[{"@type":"SearchAction","target":{"@type":"EntryPoint","urlTemplate":"https:\/\/industrialheat\/?s={search_term_string}"},"query-input":{"@type":"PropertyValueSpecification","valueRequired":true,"valueName":"search_term_string"}}],"inLanguage":"de"},{"@type":"Organization","@id":"https:\/\/industrialheat\/#organization","name":"Industrial Heating Solution","url":"https:\/\/industrialheat\/","logo":{"@type":"ImageObject","inLanguage":"de","@id":"https:\/\/industrialheat\/#\/schema\/logo\/image\/","url":"https:\/\/industrialheat.pl\/wp-content\/uploads\/2022\/03\/logo_new.svg","contentUrl":"https:\/\/industrialheat.pl\/wp-content\/uploads\/2022\/03\/logo_new.svg","width":100,"height":100,"caption":"Industrial Heating Solution"},"image":{"@id":"https:\/\/industrialheat\/#\/schema\/logo\/image\/"}}]}},"_links":{"self":[{"href":"https:\/\/industrialheat.pl\/de\/wp-json\/wp\/v2\/pages\/12"}],"collection":[{"href":"https:\/\/industrialheat.pl\/de\/wp-json\/wp\/v2\/pages"}],"about":[{"href":"https:\/\/industrialheat.pl\/de\/wp-json\/wp\/v2\/types\/page"}],"author":[{"embeddable":true,"href":"https:\/\/industrialheat.pl\/de\/wp-json\/wp\/v2\/users\/1"}],"replies":[{"embeddable":true,"href":"https:\/\/industrialheat.pl\/de\/wp-json\/wp\/v2\/comments?post=12"}],"version-history":[{"count":50,"href":"https:\/\/industrialheat.pl\/de\/wp-json\/wp\/v2\/pages\/12\/revisions"}],"predecessor-version":[{"id":990,"href":"https:\/\/industrialheat.pl\/de\/wp-json\/wp\/v2\/pages\/12\/revisions\/990"}],"wp:featuredmedia":[{"embeddable":true,"href":"https:\/\/industrialheat.pl\/de\/wp-json\/wp\/v2\/media\/281"}],"wp:attachment":[{"href":"https:\/\/industrialheat.pl\/de\/wp-json\/wp\/v2\/media?parent=12"}],"curies":[{"name":"wp","href":"https:\/\/api.w.org\/{rel}","templated":true}]}}