{"id":18,"date":"2019-06-25T13:22:23","date_gmt":"2019-06-25T10:22:23","guid":{"rendered":"https:\/\/industrialheat.pl\/?page_id=18"},"modified":"2022-04-18T18:05:28","modified_gmt":"2022-04-18T15:05:28","slug":"questionnaire","status":"publish","type":"page","link":"https:\/\/industrialheat.pl\/de\/questionnaire\/","title":{"rendered":"Fragebogen"},"content":{"rendered":"<p><span style=\"font-size: 18pt;\">Bitte f\u00fcllen Sie den unten stehenden Fragebogen aus, damit wir Ihnen ein passendes Angebot f\u00fcr Ihr Projekt unterbreiten k\u00f6nnen. Wir bitten Sie, diese Fragen so gut wie m\u00f6glich zu beantworten und andere Materialien bereitzustellen, die uns helfen k\u00f6nnen.<\/span><\/p>","protected":false},"excerpt":{"rendered":"<p>Bitte f\u00fcllen Sie den unten stehenden Fragebogen aus, damit wir Ihnen ein passendes Angebot f\u00fcr Ihr Projekt unterbreiten k\u00f6nnen. Wir bitten Sie, diese Fragen so gut wie m\u00f6glich zu beantworten und andere Materialien bereitzustellen, die uns helfen k\u00f6nnen.<\/p>\n","protected":false},"author":1,"featured_media":0,"parent":0,"menu_order":0,"comment_status":"closed","ping_status":"closed","template":"questionnaire.php","meta":{"footnotes":""},"class_list":["post-18","page","type-page","status-publish","hentry"],"yoast_head":"<!-- This site is optimized with the Yoast SEO plugin v23.6 - https:\/\/yoast.com\/wordpress\/plugins\/seo\/ -->\n<title>Fragebogen - Industrial Heating Solution<\/title>\n<meta name=\"robots\" content=\"index, follow, max-snippet:-1, max-image-preview:large, max-video-preview:-1\" \/>\n<link rel=\"canonical\" href=\"https:\/\/industrialheat.pl\/questionnaire\/\" \/>\n<meta property=\"og:locale\" content=\"de_DE\" \/>\n<meta property=\"og:type\" content=\"article\" \/>\n<meta property=\"og:title\" content=\"[:en]Questionnaire[:de]Fragebogen[:pl]KWESTIONARIUSZ[:ru]\u041e\u043f\u0440\u043e\u0441\u043d\u044b\u0439 \u043b\u0438\u0441\u0442[:ua]\u041e\u043f\u0438\u0442\u0443\u0432\u0430\u043b\u044c\u043d\u0438\u0439 \u043b\u0438\u0441\u0442[:uk]\u041e\u043f\u0438\u0442\u0443\u0432\u0430\u043b\u044c\u043d\u0438\u0439 \u043b\u0438\u0441\u0442[:] - Industrial Heating Solution\" \/>\n<meta property=\"og:description\" content=\"Bitte f\u00fcllen Sie den unten stehenden Fragebogen aus, damit wir Ihnen ein passendes Angebot f\u00fcr Ihr Projekt unterbreiten k\u00f6nnen. Wir bitten Sie, diese Fragen so gut wie m\u00f6glich zu beantworten und andere Materialien bereitzustellen, die uns helfen k\u00f6nnen.\" \/>\n<meta property=\"og:url\" content=\"https:\/\/industrialheat.pl\/questionnaire\/\" \/>\n<meta property=\"og:site_name\" content=\"Industrial Heating Solution\" \/>\n<meta property=\"article:modified_time\" content=\"2022-04-18T15:05:28+00:00\" \/>\n<meta name=\"twitter:card\" content=\"summary_large_image\" \/>\n<meta name=\"twitter:label1\" content=\"Gesch\u00e4tzte Lesezeit\" \/>\n\t<meta name=\"twitter:data1\" content=\"1\u00a0Minute\" \/>\n<script type=\"application\/ld+json\" class=\"yoast-schema-graph\">{\"@context\":\"https:\/\/schema.org\",\"@graph\":[{\"@type\":\"WebPage\",\"@id\":\"https:\/\/industrialheat.pl\/questionnaire\/\",\"url\":\"https:\/\/industrialheat.pl\/questionnaire\/\",\"name\":\"[:en]Questionnaire[:de]Fragebogen[:pl]KWESTIONARIUSZ[:ru]\u041e\u043f\u0440\u043e\u0441\u043d\u044b\u0439 \u043b\u0438\u0441\u0442[:ua]\u041e\u043f\u0438\u0442\u0443\u0432\u0430\u043b\u044c\u043d\u0438\u0439 \u043b\u0438\u0441\u0442[:uk]\u041e\u043f\u0438\u0442\u0443\u0432\u0430\u043b\u044c\u043d\u0438\u0439 \u043b\u0438\u0441\u0442[:] - Industrial Heating Solution\",\"isPartOf\":{\"@id\":\"https:\/\/industrialheat\/#website\"},\"datePublished\":\"2019-06-25T10:22:23+00:00\",\"dateModified\":\"2022-04-18T15:05:28+00:00\",\"breadcrumb\":{\"@id\":\"https:\/\/industrialheat.pl\/questionnaire\/#breadcrumb\"},\"inLanguage\":\"de\",\"potentialAction\":[{\"@type\":\"ReadAction\",\"target\":[\"https:\/\/industrialheat.pl\/questionnaire\/\"]}]},{\"@type\":\"BreadcrumbList\",\"@id\":\"https:\/\/industrialheat.pl\/questionnaire\/#breadcrumb\",\"itemListElement\":[{\"@type\":\"ListItem\",\"position\":1,\"name\":\"\u0413\u043e\u043b\u043e\u0432\u043d\u0430 \u0421\u0442\u043e\u0440\u0456\u043d\u043a\u0430\",\"item\":\"https:\/\/industrialheat\/\"},{\"@type\":\"ListItem\",\"position\":2,\"name\":\"KWESTIONARIUSZ\"}]},{\"@type\":\"WebSite\",\"@id\":\"https:\/\/industrialheat\/#website\",\"url\":\"https:\/\/industrialheat\/\",\"name\":\"Industrial Heating Solution\",\"description\":\"Erneuerbare Energien f\u00fcr unsere Zukunft\",\"publisher\":{\"@id\":\"https:\/\/industrialheat\/#organization\"},\"potentialAction\":[{\"@type\":\"SearchAction\",\"target\":{\"@type\":\"EntryPoint\",\"urlTemplate\":\"https:\/\/industrialheat\/?s={search_term_string}\"},\"query-input\":{\"@type\":\"PropertyValueSpecification\",\"valueRequired\":true,\"valueName\":\"search_term_string\"}}],\"inLanguage\":\"de\"},{\"@type\":\"Organization\",\"@id\":\"https:\/\/industrialheat\/#organization\",\"name\":\"Industrial Heating Solution\",\"url\":\"https:\/\/industrialheat\/\",\"logo\":{\"@type\":\"ImageObject\",\"inLanguage\":\"de\",\"@id\":\"https:\/\/industrialheat\/#\/schema\/logo\/image\/\",\"url\":\"https:\/\/industrialheat.pl\/wp-content\/uploads\/2022\/03\/logo_new.svg\",\"contentUrl\":\"https:\/\/industrialheat.pl\/wp-content\/uploads\/2022\/03\/logo_new.svg\",\"width\":100,\"height\":100,\"caption\":\"Industrial Heating Solution\"},\"image\":{\"@id\":\"https:\/\/industrialheat\/#\/schema\/logo\/image\/\"}}]}<\/script>\n<!-- \/ Yoast SEO plugin. -->","yoast_head_json":{"title":"[:en]Questionnaire[:de]Fragebogen[:pl]KWESTIONARIUSZ[:ru]\u041e\u043f\u0440\u043e\u0441\u043d\u044b\u0439 \u043b\u0438\u0441\u0442[:ua]\u041e\u043f\u0438\u0442\u0443\u0432\u0430\u043b\u044c\u043d\u0438\u0439 \u043b\u0438\u0441\u0442[:uk]\u041e\u043f\u0438\u0442\u0443\u0432\u0430\u043b\u044c\u043d\u0438\u0439 \u043b\u0438\u0441\u0442[:] - Industrial Heating Solution","robots":{"index":"index","follow":"follow","max-snippet":"max-snippet:-1","max-image-preview":"max-image-preview:large","max-video-preview":"max-video-preview:-1"},"canonical":"https:\/\/industrialheat.pl\/questionnaire\/","og_locale":"de_DE","og_type":"article","og_title":"[:en]Questionnaire[:de]Fragebogen[:pl]KWESTIONARIUSZ[:ru]\u041e\u043f\u0440\u043e\u0441\u043d\u044b\u0439 \u043b\u0438\u0441\u0442[:ua]\u041e\u043f\u0438\u0442\u0443\u0432\u0430\u043b\u044c\u043d\u0438\u0439 \u043b\u0438\u0441\u0442[:uk]\u041e\u043f\u0438\u0442\u0443\u0432\u0430\u043b\u044c\u043d\u0438\u0439 \u043b\u0438\u0441\u0442[:] - Industrial Heating Solution","og_description":"Bitte f\u00fcllen Sie den unten stehenden Fragebogen aus, damit wir Ihnen ein passendes Angebot f\u00fcr Ihr Projekt unterbreiten k\u00f6nnen. Wir bitten Sie, diese Fragen so gut wie m\u00f6glich zu beantworten und andere Materialien bereitzustellen, die uns helfen k\u00f6nnen.","og_url":"https:\/\/industrialheat.pl\/questionnaire\/","og_site_name":"Industrial Heating Solution","article_modified_time":"2022-04-18T15:05:28+00:00","twitter_card":"summary_large_image","twitter_misc":{"Gesch\u00e4tzte Lesezeit":"1\u00a0Minute"},"schema":{"@context":"https:\/\/schema.org","@graph":[{"@type":"WebPage","@id":"https:\/\/industrialheat.pl\/questionnaire\/","url":"https:\/\/industrialheat.pl\/questionnaire\/","name":"[:en]Questionnaire[:de]Fragebogen[:pl]KWESTIONARIUSZ[:ru]\u041e\u043f\u0440\u043e\u0441\u043d\u044b\u0439 \u043b\u0438\u0441\u0442[:ua]\u041e\u043f\u0438\u0442\u0443\u0432\u0430\u043b\u044c\u043d\u0438\u0439 \u043b\u0438\u0441\u0442[:uk]\u041e\u043f\u0438\u0442\u0443\u0432\u0430\u043b\u044c\u043d\u0438\u0439 \u043b\u0438\u0441\u0442[:] - Industrial Heating Solution","isPartOf":{"@id":"https:\/\/industrialheat\/#website"},"datePublished":"2019-06-25T10:22:23+00:00","dateModified":"2022-04-18T15:05:28+00:00","breadcrumb":{"@id":"https:\/\/industrialheat.pl\/questionnaire\/#breadcrumb"},"inLanguage":"de","potentialAction":[{"@type":"ReadAction","target":["https:\/\/industrialheat.pl\/questionnaire\/"]}]},{"@type":"BreadcrumbList","@id":"https:\/\/industrialheat.pl\/questionnaire\/#breadcrumb","itemListElement":[{"@type":"ListItem","position":1,"name":"\u0413\u043e\u043b\u043e\u0432\u043d\u0430 \u0421\u0442\u043e\u0440\u0456\u043d\u043a\u0430","item":"https:\/\/industrialheat\/"},{"@type":"ListItem","position":2,"name":"KWESTIONARIUSZ"}]},{"@type":"WebSite","@id":"https:\/\/industrialheat\/#website","url":"https:\/\/industrialheat\/","name":"Industrial Heating Solution","description":"Erneuerbare Energien f\u00fcr unsere Zukunft","publisher":{"@id":"https:\/\/industrialheat\/#organization"},"potentialAction":[{"@type":"SearchAction","target":{"@type":"EntryPoint","urlTemplate":"https:\/\/industrialheat\/?s={search_term_string}"},"query-input":{"@type":"PropertyValueSpecification","valueRequired":true,"valueName":"search_term_string"}}],"inLanguage":"de"},{"@type":"Organization","@id":"https:\/\/industrialheat\/#organization","name":"Industrial Heating Solution","url":"https:\/\/industrialheat\/","logo":{"@type":"ImageObject","inLanguage":"de","@id":"https:\/\/industrialheat\/#\/schema\/logo\/image\/","url":"https:\/\/industrialheat.pl\/wp-content\/uploads\/2022\/03\/logo_new.svg","contentUrl":"https:\/\/industrialheat.pl\/wp-content\/uploads\/2022\/03\/logo_new.svg","width":100,"height":100,"caption":"Industrial Heating Solution"},"image":{"@id":"https:\/\/industrialheat\/#\/schema\/logo\/image\/"}}]}},"_links":{"self":[{"href":"https:\/\/industrialheat.pl\/de\/wp-json\/wp\/v2\/pages\/18"}],"collection":[{"href":"https:\/\/industrialheat.pl\/de\/wp-json\/wp\/v2\/pages"}],"about":[{"href":"https:\/\/industrialheat.pl\/de\/wp-json\/wp\/v2\/types\/page"}],"author":[{"embeddable":true,"href":"https:\/\/industrialheat.pl\/de\/wp-json\/wp\/v2\/users\/1"}],"replies":[{"embeddable":true,"href":"https:\/\/industrialheat.pl\/de\/wp-json\/wp\/v2\/comments?post=18"}],"version-history":[{"count":7,"href":"https:\/\/industrialheat.pl\/de\/wp-json\/wp\/v2\/pages\/18\/revisions"}],"predecessor-version":[{"id":856,"href":"https:\/\/industrialheat.pl\/de\/wp-json\/wp\/v2\/pages\/18\/revisions\/856"}],"wp:attachment":[{"href":"https:\/\/industrialheat.pl\/de\/wp-json\/wp\/v2\/media?parent=18"}],"curies":[{"name":"wp","href":"https:\/\/api.w.org\/{rel}","templated":true}]}}