{"id":881,"date":"2022-04-27T00:17:45","date_gmt":"2022-04-26T21:17:45","guid":{"rendered":"https:\/\/industrialheat.pl\/?page_id=881"},"modified":"2022-04-27T00:23:07","modified_gmt":"2022-04-26T21:23:07","slug":"polityka-plikow-cookies","status":"publish","type":"page","link":"https:\/\/industrialheat.pl\/de\/polityka-plikow-cookies\/","title":{"rendered":"Cookie-Richtlinie"},"content":{"rendered":"<p>Die Cookie-Richtlinie von industrialheat.pl<\/p>\n<p>1. Unter \u201eCookie\u201c-Peaks sind IT-Daten zu verstehen, die auf den Endger\u00e4ten der Nutzer gespeichert werden und f\u00fcr die Nutzung von Websites bestimmt sind. Dabei handelt es sich insbesondere um Textdateien, die den Namen der Website, von der sie stammen, ihre Speicherzeit auf dem Endger\u00e4t und eine eindeutige Nummer enthalten.<\/p>\n<p>2. Die Website sammelt keine Informationen automatisch, mit Ausnahme von Informationen, die in Cookies enthalten sind.<\/p>\n<p>3. Cookies sind f\u00fcr die Nutzung der Seiten der Website bestimmt. Der Betreiber verwendet diese Dateien f\u00fcr:<\/p>\n<p>a) die M\u00f6glichkeit, sich auf jeder nachfolgenden Seite der Website anzumelden und Benutzersitzungen aufrechtzuerhalten<\/p>\n<p>b) den Inhalt der Website an die individuellen Vorlieben des Benutzers anzupassen, zun\u00e4chst erkennen diese Dateien sein Ger\u00e4t, um die Seite gem\u00e4\u00df seinen Vorlieben anzuzeigen<\/p>\n<p>c) um anonyme Statistiken zu erstellen, unter Ausschluss der M\u00f6glichkeit der Benutzeridentifikation.<\/p>\n<p>4. Cookies, die von Partnern des Website-Betreibers, insbesondere Website-Benutzern, verwendet werden, unterliegen deren eigenen Datenschutzbestimmungen.<\/p>\n<p>5. Im Interesse der Sicherheit der uns anvertrauten Daten haben wir interne Verfahren und Empfehlungen entwickelt, um die Weitergabe von Daten an Unbefugte zu verhindern. Wir kontrollieren ihre Leistung und \u00fcberpr\u00fcfen st\u00e4ndig ihre \u00dcbereinstimmung mit den einschl\u00e4gigen Rechtsakten &#8211; dem Gesetz zum Schutz personenbezogener Daten, dem Gesetz \u00fcber die Bereitstellung elektronischer Dienste sowie allen Arten von Exekutivakten und dem Gemeinschaftsrecht<\/p>\n<p>6. Standardm\u00e4\u00dfig erlaubt die zum Browsen von Websites verwendete Software standardm\u00e4\u00dfig die Platzierung von Cookies auf dem Endger\u00e4t des Benutzers. Diese Einstellungen k\u00f6nnen vom Benutzer so ge\u00e4ndert werden, dass die automatische Behandlung von \u201eCookies\u201c in den Einstellungen des Webbrowsers blockiert oder \u00fcber jede \u00dcbertragung auf die Ger\u00e4te des Benutzers informiert wird.<\/p>\n<p>7. Die Benutzer der Website k\u00f6nnen ihre Cookie-Einstellungen jederzeit \u00e4ndern. Detaillierte Informationen zu den M\u00f6glichkeiten und Methoden zum Umgang mit Cookies finden Sie in den Einstellungen der Software (Webbrowser).<\/p>\n<p>Beispiele f\u00fcr Bearbeitungsoptionen in g\u00e4ngigen Browsern:<\/p>\n<p>&#8211; Mozilla Firefox: www.support.mozilla.org\/pl\/kb\/ciasteczka<\/p>\n<p>&#8211; Internet Explorer: www.support.microsoft.com\/kb\/278835\/pl<\/p>\n<p>&#8211; Google Chrome: www.support.google.com\/chrome\/bin\/answer.py?hl=pl&amp;answer=95647<\/p>\n<p>&#8211; Safari: www.safari.helpmax.net\/pl\/oszczedzanie-czasu\/blokowanie-zawartosci\/<\/p>\n<p>8. Der Website-Betreiber weist darauf hin, dass \u00c4nderungen an den Einstellungen im Webbrowser des Benutzers den ordnungsgem\u00e4\u00dfen Betrieb der Websites verhindern k\u00f6nnen.<\/p>","protected":false},"excerpt":{"rendered":"<p>Die Cookie-Richtlinie von industrialheat.pl 1. Unter \u201eCookie\u201c-Peaks sind IT-Daten zu verstehen, die auf den Endger\u00e4ten der Nutzer gespeichert werden und f\u00fcr die Nutzung von Websites bestimmt sind. Dabei handelt es sich insbesondere um Textdateien, die den Namen der Website, von der sie stammen, ihre Speicherzeit auf dem Endger\u00e4t und eine eindeutige Nummer enthalten. 2. Die [&hellip;]<\/p>\n","protected":false},"author":2,"featured_media":0,"parent":0,"menu_order":0,"comment_status":"closed","ping_status":"closed","template":"","meta":{"footnotes":""},"class_list":["post-881","page","type-page","status-publish","hentry"],"yoast_head":"<!-- This site is optimized with the Yoast SEO plugin v23.6 - https:\/\/yoast.com\/wordpress\/plugins\/seo\/ -->\n<title>Cookie-Richtlinie - Industrial Heating Solution<\/title>\n<meta name=\"robots\" content=\"index, follow, max-snippet:-1, max-image-preview:large, max-video-preview:-1\" \/>\n<link rel=\"canonical\" href=\"https:\/\/industrialheat.pl\/polityka-plikow-cookies\/\" \/>\n<meta property=\"og:locale\" content=\"de_DE\" \/>\n<meta property=\"og:type\" content=\"article\" \/>\n<meta property=\"og:title\" content=\"[:en]Cookies policy[:de]Cookie-Richtlinie[:pl]Polityka plik\u00f3w \u201ccookies\u201d[:] - Industrial Heating Solution\" \/>\n<meta property=\"og:description\" content=\"Die Cookie-Richtlinie von industrialheat.pl 1. Unter \u201eCookie\u201c-Peaks sind IT-Daten zu verstehen, die auf den Endger\u00e4ten der Nutzer gespeichert werden und f\u00fcr die Nutzung von Websites bestimmt sind. Dabei handelt es sich insbesondere um Textdateien, die den Namen der Website, von der sie stammen, ihre Speicherzeit auf dem Endger\u00e4t und eine eindeutige Nummer enthalten. 2. Die [&hellip;]\" \/>\n<meta property=\"og:url\" content=\"https:\/\/industrialheat.pl\/polityka-plikow-cookies\/\" \/>\n<meta property=\"og:site_name\" content=\"Industrial Heating Solution\" \/>\n<meta property=\"article:modified_time\" content=\"2022-04-26T21:23:07+00:00\" \/>\n<meta name=\"twitter:card\" content=\"summary_large_image\" \/>\n<meta name=\"twitter:label1\" content=\"Gesch\u00e4tzte Lesezeit\" \/>\n\t<meta name=\"twitter:data1\" content=\"6\u00a0Minuten\" \/>\n<script type=\"application\/ld+json\" class=\"yoast-schema-graph\">{\"@context\":\"https:\/\/schema.org\",\"@graph\":[{\"@type\":\"WebPage\",\"@id\":\"https:\/\/industrialheat.pl\/polityka-plikow-cookies\/\",\"url\":\"https:\/\/industrialheat.pl\/polityka-plikow-cookies\/\",\"name\":\"[:en]Cookies policy[:de]Cookie-Richtlinie[:pl]Polityka plik\u00f3w \u201ccookies\u201d[:] - Industrial Heating Solution\",\"isPartOf\":{\"@id\":\"https:\/\/industrialheat\/#website\"},\"datePublished\":\"2022-04-26T21:17:45+00:00\",\"dateModified\":\"2022-04-26T21:23:07+00:00\",\"breadcrumb\":{\"@id\":\"https:\/\/industrialheat.pl\/polityka-plikow-cookies\/#breadcrumb\"},\"inLanguage\":\"de\",\"potentialAction\":[{\"@type\":\"ReadAction\",\"target\":[\"https:\/\/industrialheat.pl\/polityka-plikow-cookies\/\"]}]},{\"@type\":\"BreadcrumbList\",\"@id\":\"https:\/\/industrialheat.pl\/polityka-plikow-cookies\/#breadcrumb\",\"itemListElement\":[{\"@type\":\"ListItem\",\"position\":1,\"name\":\"\u0413\u043e\u043b\u043e\u0432\u043d\u0430 \u0421\u0442\u043e\u0440\u0456\u043d\u043a\u0430\",\"item\":\"https:\/\/industrialheat\/\"},{\"@type\":\"ListItem\",\"position\":2,\"name\":\"Polityka plik\u00f3w \u201ccookies\u201d\"}]},{\"@type\":\"WebSite\",\"@id\":\"https:\/\/industrialheat\/#website\",\"url\":\"https:\/\/industrialheat\/\",\"name\":\"Industrial Heating Solution\",\"description\":\"Erneuerbare Energien f\u00fcr unsere Zukunft\",\"publisher\":{\"@id\":\"https:\/\/industrialheat\/#organization\"},\"potentialAction\":[{\"@type\":\"SearchAction\",\"target\":{\"@type\":\"EntryPoint\",\"urlTemplate\":\"https:\/\/industrialheat\/?s={search_term_string}\"},\"query-input\":{\"@type\":\"PropertyValueSpecification\",\"valueRequired\":true,\"valueName\":\"search_term_string\"}}],\"inLanguage\":\"de\"},{\"@type\":\"Organization\",\"@id\":\"https:\/\/industrialheat\/#organization\",\"name\":\"Industrial Heating Solution\",\"url\":\"https:\/\/industrialheat\/\",\"logo\":{\"@type\":\"ImageObject\",\"inLanguage\":\"de\",\"@id\":\"https:\/\/industrialheat\/#\/schema\/logo\/image\/\",\"url\":\"https:\/\/industrialheat.pl\/wp-content\/uploads\/2022\/03\/logo_new.svg\",\"contentUrl\":\"https:\/\/industrialheat.pl\/wp-content\/uploads\/2022\/03\/logo_new.svg\",\"width\":100,\"height\":100,\"caption\":\"Industrial Heating Solution\"},\"image\":{\"@id\":\"https:\/\/industrialheat\/#\/schema\/logo\/image\/\"}}]}<\/script>\n<!-- \/ Yoast SEO plugin. -->","yoast_head_json":{"title":"[:en]Cookies policy[:de]Cookie-Richtlinie[:pl]Polityka plik\u00f3w \u201ccookies\u201d[:] - Industrial Heating Solution","robots":{"index":"index","follow":"follow","max-snippet":"max-snippet:-1","max-image-preview":"max-image-preview:large","max-video-preview":"max-video-preview:-1"},"canonical":"https:\/\/industrialheat.pl\/polityka-plikow-cookies\/","og_locale":"de_DE","og_type":"article","og_title":"[:en]Cookies policy[:de]Cookie-Richtlinie[:pl]Polityka plik\u00f3w \u201ccookies\u201d[:] - Industrial Heating Solution","og_description":"Die Cookie-Richtlinie von industrialheat.pl 1. Unter \u201eCookie\u201c-Peaks sind IT-Daten zu verstehen, die auf den Endger\u00e4ten der Nutzer gespeichert werden und f\u00fcr die Nutzung von Websites bestimmt sind. Dabei handelt es sich insbesondere um Textdateien, die den Namen der Website, von der sie stammen, ihre Speicherzeit auf dem Endger\u00e4t und eine eindeutige Nummer enthalten. 2. Die [&hellip;]","og_url":"https:\/\/industrialheat.pl\/polityka-plikow-cookies\/","og_site_name":"Industrial Heating Solution","article_modified_time":"2022-04-26T21:23:07+00:00","twitter_card":"summary_large_image","twitter_misc":{"Gesch\u00e4tzte Lesezeit":"6\u00a0Minuten"},"schema":{"@context":"https:\/\/schema.org","@graph":[{"@type":"WebPage","@id":"https:\/\/industrialheat.pl\/polityka-plikow-cookies\/","url":"https:\/\/industrialheat.pl\/polityka-plikow-cookies\/","name":"[:en]Cookies policy[:de]Cookie-Richtlinie[:pl]Polityka plik\u00f3w \u201ccookies\u201d[:] - Industrial Heating Solution","isPartOf":{"@id":"https:\/\/industrialheat\/#website"},"datePublished":"2022-04-26T21:17:45+00:00","dateModified":"2022-04-26T21:23:07+00:00","breadcrumb":{"@id":"https:\/\/industrialheat.pl\/polityka-plikow-cookies\/#breadcrumb"},"inLanguage":"de","potentialAction":[{"@type":"ReadAction","target":["https:\/\/industrialheat.pl\/polityka-plikow-cookies\/"]}]},{"@type":"BreadcrumbList","@id":"https:\/\/industrialheat.pl\/polityka-plikow-cookies\/#breadcrumb","itemListElement":[{"@type":"ListItem","position":1,"name":"\u0413\u043e\u043b\u043e\u0432\u043d\u0430 \u0421\u0442\u043e\u0440\u0456\u043d\u043a\u0430","item":"https:\/\/industrialheat\/"},{"@type":"ListItem","position":2,"name":"Polityka plik\u00f3w \u201ccookies\u201d"}]},{"@type":"WebSite","@id":"https:\/\/industrialheat\/#website","url":"https:\/\/industrialheat\/","name":"Industrial Heating Solution","description":"Erneuerbare Energien f\u00fcr unsere Zukunft","publisher":{"@id":"https:\/\/industrialheat\/#organization"},"potentialAction":[{"@type":"SearchAction","target":{"@type":"EntryPoint","urlTemplate":"https:\/\/industrialheat\/?s={search_term_string}"},"query-input":{"@type":"PropertyValueSpecification","valueRequired":true,"valueName":"search_term_string"}}],"inLanguage":"de"},{"@type":"Organization","@id":"https:\/\/industrialheat\/#organization","name":"Industrial Heating Solution","url":"https:\/\/industrialheat\/","logo":{"@type":"ImageObject","inLanguage":"de","@id":"https:\/\/industrialheat\/#\/schema\/logo\/image\/","url":"https:\/\/industrialheat.pl\/wp-content\/uploads\/2022\/03\/logo_new.svg","contentUrl":"https:\/\/industrialheat.pl\/wp-content\/uploads\/2022\/03\/logo_new.svg","width":100,"height":100,"caption":"Industrial Heating Solution"},"image":{"@id":"https:\/\/industrialheat\/#\/schema\/logo\/image\/"}}]}},"_links":{"self":[{"href":"https:\/\/industrialheat.pl\/de\/wp-json\/wp\/v2\/pages\/881"}],"collection":[{"href":"https:\/\/industrialheat.pl\/de\/wp-json\/wp\/v2\/pages"}],"about":[{"href":"https:\/\/industrialheat.pl\/de\/wp-json\/wp\/v2\/types\/page"}],"author":[{"embeddable":true,"href":"https:\/\/industrialheat.pl\/de\/wp-json\/wp\/v2\/users\/2"}],"replies":[{"embeddable":true,"href":"https:\/\/industrialheat.pl\/de\/wp-json\/wp\/v2\/comments?post=881"}],"version-history":[{"count":5,"href":"https:\/\/industrialheat.pl\/de\/wp-json\/wp\/v2\/pages\/881\/revisions"}],"predecessor-version":[{"id":886,"href":"https:\/\/industrialheat.pl\/de\/wp-json\/wp\/v2\/pages\/881\/revisions\/886"}],"wp:attachment":[{"href":"https:\/\/industrialheat.pl\/de\/wp-json\/wp\/v2\/media?parent=881"}],"curies":[{"name":"wp","href":"https:\/\/api.w.org\/{rel}","templated":true}]}}