{"id":890,"date":"2022-04-27T00:39:43","date_gmt":"2022-04-26T21:39:43","guid":{"rendered":"https:\/\/industrialheat.pl\/?page_id=890"},"modified":"2022-04-27T00:39:43","modified_gmt":"2022-04-26T21:39:43","slug":"polityka-prywatnosci","status":"publish","type":"page","link":"https:\/\/industrialheat.pl\/de\/polityka-prywatnosci\/","title":{"rendered":"Datenschutz-Bestimmungen"},"content":{"rendered":"<p><\/p>\n<p>Datenschutzrichtlinie von industrialheat.pl<\/p>\n<p>1. Allgemeine Information<\/p>\n<p>Diese Datenschutzrichtlinie legt die Regeln f\u00fcr die Verarbeitung und den Schutz personenbezogener Daten fest, die von Benutzern im Zusammenhang mit ihrer Nutzung von Verkaufsdiensten \u00fcber die Website bereitgestellt werden.<\/p>\n<p>2. Der Administrator der auf der Website enthaltenen personenbezogenen Daten ist Dnipro-M Sp. Z. O.o. mit Sitz: ul. Marsza\u0142kowska 58, 00-545 Warschau, Polen, eingetragen im Landesgerichtsregister unter der KRS-Nummer 0000799442, NIP 7010940642, REGON 384129070<\/p>\n<p>3. Im Interesse der Sicherheit der uns anvertrauten Daten haben wir interne Verfahren und Empfehlungen entwickelt, um die Weitergabe von Daten an Unbefugte zu verhindern. Wir kontrollieren ihre Leistung und \u00fcberpr\u00fcfen st\u00e4ndig ihre \u00dcbereinstimmung mit den einschl\u00e4gigen Rechtsakten &#8211; dem Gesetz zum Schutz personenbezogener Daten, dem Gesetz \u00fcber die Bereitstellung elektronischer Dienste sowie allen Arten von Exekutivakten und dem Gemeinschaftsrecht.<\/p>\n<p>4. Personenbezogene Daten werden auf der Grundlage der Zustimmung des Benutzers und in F\u00e4llen verarbeitet, in denen das Gesetz den Administrator erm\u00e4chtigt, personenbezogene Daten auf der Grundlage gesetzlicher Bestimmungen zu verarbeiten oder den zwischen den Parteien geschlossenen Vertrag umzusetzen.<\/p>\n<p>5. Die Website erh\u00e4lt Informationen \u00fcber Benutzer und ihr Verhalten auf folgende Weise:<\/p>\n<p>a) durch freiwillig in Formulare eingegebene Informationen<\/p>\n<p>b) durch das Sammeln von \u201eCookies\u201c [siehe Richtlinie zu \u201eCookies\u201c].<\/p>\n<p>6. Die Website sammelt Informationen, die der Benutzer freiwillig bereitstellt.<\/p>\n<p>7. Die im Formular angegebenen Daten werden f\u00fcr den Zweck verarbeitet, der sich aus der Funktion eines bestimmten Formulars ergibt, z.B. zur Bearbeitung des Informationskontakts<\/p>\n<p>8. Auf der Website hinterlassene personenbezogene Daten werden gem\u00e4\u00df den Bestimmungen des Datenschutzgesetzes nicht verkauft oder Dritten zur Verf\u00fcgung gestellt.<\/p>\n<p>9. Die im Formular enthaltenen Daten k\u00f6nnen von der nat\u00fcrlichen Person eingesehen werden, die sie dort hinterlegt hat. Diese Person hat auch das Recht, ihre Daten jederzeit zu \u00e4ndern und die Verarbeitung einzustellen.<\/p>\n<p>10. Wir behalten uns das Recht vor, die Datenschutzerkl\u00e4rung der Website zu \u00e4ndern, die durch die Entwicklung der Internettechnologie, m\u00f6gliche Gesetzes\u00e4nderungen im Bereich des Schutzes personenbezogener Daten und die Entwicklung unserer Website beeinflusst werden kann. \u00dcber \u00c4nderungen informieren wir Sie sichtbar und verst\u00e4ndlich.<\/p>\n<p>11. Links zu anderen Websites k\u00f6nnen auf der Website erscheinen. Solche Websites arbeiten unabh\u00e4ngig von der Website und werden in keiner Weise von der Website industrialheat.pl \u00fcberwacht.Diese Websites k\u00f6nnen ihre eigenen Datenschutzrichtlinien und -bestimmungen haben, die wir Ihnen empfehlen, zu lesen.<\/p>\n<p>Bei Zweifeln an einer der Bestimmungen dieser Datenschutzerkl\u00e4rung stehen wir Ihnen zur Verf\u00fcgung \u2013 unsere Daten finden Sie im Reiter \u2013 KONTAKT.<\/p>\n<p><\/p>","protected":false},"excerpt":{"rendered":"<p>Datenschutzrichtlinie von industrialheat.pl 1. Allgemeine Information Diese Datenschutzrichtlinie legt die Regeln f\u00fcr die Verarbeitung und den Schutz personenbezogener Daten fest, die von Benutzern im Zusammenhang mit ihrer Nutzung von Verkaufsdiensten \u00fcber die Website bereitgestellt werden. 2. Der Administrator der auf der Website enthaltenen personenbezogenen Daten ist Dnipro-M Sp. Z. O.o. mit Sitz: ul. Marsza\u0142kowska 58, [&hellip;]<\/p>\n","protected":false},"author":2,"featured_media":0,"parent":0,"menu_order":0,"comment_status":"closed","ping_status":"closed","template":"","meta":{"footnotes":""},"class_list":["post-890","page","type-page","status-publish","hentry"],"yoast_head":"<!-- This site is optimized with the Yoast SEO plugin v23.6 - https:\/\/yoast.com\/wordpress\/plugins\/seo\/ -->\n<title>Datenschutz-Bestimmungen - Industrial Heating Solution<\/title>\n<meta name=\"robots\" content=\"index, follow, max-snippet:-1, max-image-preview:large, max-video-preview:-1\" \/>\n<link rel=\"canonical\" href=\"https:\/\/industrialheat.pl\/polityka-prywatnosci\/\" \/>\n<meta property=\"og:locale\" content=\"de_DE\" \/>\n<meta property=\"og:type\" content=\"article\" \/>\n<meta property=\"og:title\" content=\"[:en]Privacy policy[:de]Datenschutz-Bestimmungen[:pl]Polityka prywatno\u015bci[:] - Industrial Heating Solution\" \/>\n<meta property=\"og:description\" content=\"Datenschutzrichtlinie von industrialheat.pl 1. Allgemeine Information Diese Datenschutzrichtlinie legt die Regeln f\u00fcr die Verarbeitung und den Schutz personenbezogener Daten fest, die von Benutzern im Zusammenhang mit ihrer Nutzung von Verkaufsdiensten \u00fcber die Website bereitgestellt werden. 2. Der Administrator der auf der Website enthaltenen personenbezogenen Daten ist Dnipro-M Sp. Z. O.o. mit Sitz: ul. Marsza\u0142kowska 58, [&hellip;]\" \/>\n<meta property=\"og:url\" content=\"https:\/\/industrialheat.pl\/polityka-prywatnosci\/\" \/>\n<meta property=\"og:site_name\" content=\"Industrial Heating Solution\" \/>\n<meta name=\"twitter:card\" content=\"summary_large_image\" \/>\n<meta name=\"twitter:label1\" content=\"Gesch\u00e4tzte Lesezeit\" \/>\n\t<meta name=\"twitter:data1\" content=\"6\u00a0Minuten\" \/>\n<script type=\"application\/ld+json\" class=\"yoast-schema-graph\">{\"@context\":\"https:\/\/schema.org\",\"@graph\":[{\"@type\":\"WebPage\",\"@id\":\"https:\/\/industrialheat.pl\/polityka-prywatnosci\/\",\"url\":\"https:\/\/industrialheat.pl\/polityka-prywatnosci\/\",\"name\":\"[:en]Privacy policy[:de]Datenschutz-Bestimmungen[:pl]Polityka prywatno\u015bci[:] - Industrial Heating Solution\",\"isPartOf\":{\"@id\":\"https:\/\/industrialheat\/#website\"},\"datePublished\":\"2022-04-26T21:39:43+00:00\",\"dateModified\":\"2022-04-26T21:39:43+00:00\",\"breadcrumb\":{\"@id\":\"https:\/\/industrialheat.pl\/polityka-prywatnosci\/#breadcrumb\"},\"inLanguage\":\"de\",\"potentialAction\":[{\"@type\":\"ReadAction\",\"target\":[\"https:\/\/industrialheat.pl\/polityka-prywatnosci\/\"]}]},{\"@type\":\"BreadcrumbList\",\"@id\":\"https:\/\/industrialheat.pl\/polityka-prywatnosci\/#breadcrumb\",\"itemListElement\":[{\"@type\":\"ListItem\",\"position\":1,\"name\":\"\u0413\u043e\u043b\u043e\u0432\u043d\u0430 \u0421\u0442\u043e\u0440\u0456\u043d\u043a\u0430\",\"item\":\"https:\/\/industrialheat\/\"},{\"@type\":\"ListItem\",\"position\":2,\"name\":\"Polityka prywatno\u015bci\"}]},{\"@type\":\"WebSite\",\"@id\":\"https:\/\/industrialheat\/#website\",\"url\":\"https:\/\/industrialheat\/\",\"name\":\"Industrial Heating Solution\",\"description\":\"Erneuerbare Energien f\u00fcr unsere Zukunft\",\"publisher\":{\"@id\":\"https:\/\/industrialheat\/#organization\"},\"potentialAction\":[{\"@type\":\"SearchAction\",\"target\":{\"@type\":\"EntryPoint\",\"urlTemplate\":\"https:\/\/industrialheat\/?s={search_term_string}\"},\"query-input\":{\"@type\":\"PropertyValueSpecification\",\"valueRequired\":true,\"valueName\":\"search_term_string\"}}],\"inLanguage\":\"de\"},{\"@type\":\"Organization\",\"@id\":\"https:\/\/industrialheat\/#organization\",\"name\":\"Industrial Heating Solution\",\"url\":\"https:\/\/industrialheat\/\",\"logo\":{\"@type\":\"ImageObject\",\"inLanguage\":\"de\",\"@id\":\"https:\/\/industrialheat\/#\/schema\/logo\/image\/\",\"url\":\"https:\/\/industrialheat.pl\/wp-content\/uploads\/2022\/03\/logo_new.svg\",\"contentUrl\":\"https:\/\/industrialheat.pl\/wp-content\/uploads\/2022\/03\/logo_new.svg\",\"width\":100,\"height\":100,\"caption\":\"Industrial Heating Solution\"},\"image\":{\"@id\":\"https:\/\/industrialheat\/#\/schema\/logo\/image\/\"}}]}<\/script>\n<!-- \/ Yoast SEO plugin. -->","yoast_head_json":{"title":"[:en]Privacy policy[:de]Datenschutz-Bestimmungen[:pl]Polityka prywatno\u015bci[:] - Industrial Heating Solution","robots":{"index":"index","follow":"follow","max-snippet":"max-snippet:-1","max-image-preview":"max-image-preview:large","max-video-preview":"max-video-preview:-1"},"canonical":"https:\/\/industrialheat.pl\/polityka-prywatnosci\/","og_locale":"de_DE","og_type":"article","og_title":"[:en]Privacy policy[:de]Datenschutz-Bestimmungen[:pl]Polityka prywatno\u015bci[:] - Industrial Heating Solution","og_description":"Datenschutzrichtlinie von industrialheat.pl 1. Allgemeine Information Diese Datenschutzrichtlinie legt die Regeln f\u00fcr die Verarbeitung und den Schutz personenbezogener Daten fest, die von Benutzern im Zusammenhang mit ihrer Nutzung von Verkaufsdiensten \u00fcber die Website bereitgestellt werden. 2. Der Administrator der auf der Website enthaltenen personenbezogenen Daten ist Dnipro-M Sp. Z. O.o. mit Sitz: ul. Marsza\u0142kowska 58, [&hellip;]","og_url":"https:\/\/industrialheat.pl\/polityka-prywatnosci\/","og_site_name":"Industrial Heating Solution","twitter_card":"summary_large_image","twitter_misc":{"Gesch\u00e4tzte Lesezeit":"6\u00a0Minuten"},"schema":{"@context":"https:\/\/schema.org","@graph":[{"@type":"WebPage","@id":"https:\/\/industrialheat.pl\/polityka-prywatnosci\/","url":"https:\/\/industrialheat.pl\/polityka-prywatnosci\/","name":"[:en]Privacy policy[:de]Datenschutz-Bestimmungen[:pl]Polityka prywatno\u015bci[:] - Industrial Heating Solution","isPartOf":{"@id":"https:\/\/industrialheat\/#website"},"datePublished":"2022-04-26T21:39:43+00:00","dateModified":"2022-04-26T21:39:43+00:00","breadcrumb":{"@id":"https:\/\/industrialheat.pl\/polityka-prywatnosci\/#breadcrumb"},"inLanguage":"de","potentialAction":[{"@type":"ReadAction","target":["https:\/\/industrialheat.pl\/polityka-prywatnosci\/"]}]},{"@type":"BreadcrumbList","@id":"https:\/\/industrialheat.pl\/polityka-prywatnosci\/#breadcrumb","itemListElement":[{"@type":"ListItem","position":1,"name":"\u0413\u043e\u043b\u043e\u0432\u043d\u0430 \u0421\u0442\u043e\u0440\u0456\u043d\u043a\u0430","item":"https:\/\/industrialheat\/"},{"@type":"ListItem","position":2,"name":"Polityka prywatno\u015bci"}]},{"@type":"WebSite","@id":"https:\/\/industrialheat\/#website","url":"https:\/\/industrialheat\/","name":"Industrial Heating Solution","description":"Erneuerbare Energien f\u00fcr unsere Zukunft","publisher":{"@id":"https:\/\/industrialheat\/#organization"},"potentialAction":[{"@type":"SearchAction","target":{"@type":"EntryPoint","urlTemplate":"https:\/\/industrialheat\/?s={search_term_string}"},"query-input":{"@type":"PropertyValueSpecification","valueRequired":true,"valueName":"search_term_string"}}],"inLanguage":"de"},{"@type":"Organization","@id":"https:\/\/industrialheat\/#organization","name":"Industrial Heating Solution","url":"https:\/\/industrialheat\/","logo":{"@type":"ImageObject","inLanguage":"de","@id":"https:\/\/industrialheat\/#\/schema\/logo\/image\/","url":"https:\/\/industrialheat.pl\/wp-content\/uploads\/2022\/03\/logo_new.svg","contentUrl":"https:\/\/industrialheat.pl\/wp-content\/uploads\/2022\/03\/logo_new.svg","width":100,"height":100,"caption":"Industrial Heating Solution"},"image":{"@id":"https:\/\/industrialheat\/#\/schema\/logo\/image\/"}}]}},"_links":{"self":[{"href":"https:\/\/industrialheat.pl\/de\/wp-json\/wp\/v2\/pages\/890"}],"collection":[{"href":"https:\/\/industrialheat.pl\/de\/wp-json\/wp\/v2\/pages"}],"about":[{"href":"https:\/\/industrialheat.pl\/de\/wp-json\/wp\/v2\/types\/page"}],"author":[{"embeddable":true,"href":"https:\/\/industrialheat.pl\/de\/wp-json\/wp\/v2\/users\/2"}],"replies":[{"embeddable":true,"href":"https:\/\/industrialheat.pl\/de\/wp-json\/wp\/v2\/comments?post=890"}],"version-history":[{"count":1,"href":"https:\/\/industrialheat.pl\/de\/wp-json\/wp\/v2\/pages\/890\/revisions"}],"predecessor-version":[{"id":891,"href":"https:\/\/industrialheat.pl\/de\/wp-json\/wp\/v2\/pages\/890\/revisions\/891"}],"wp:attachment":[{"href":"https:\/\/industrialheat.pl\/de\/wp-json\/wp\/v2\/media?parent=890"}],"curies":[{"name":"wp","href":"https:\/\/api.w.org\/{rel}","templated":true}]}}